{"id":2827,"date":"2021-10-19T13:43:13","date_gmt":"2021-10-19T04:43:13","guid":{"rendered":"https:\/\/www.aureo.co.jp\/?page_id=2827"},"modified":"2021-10-19T13:43:13","modified_gmt":"2021-10-19T04:43:13","slug":"about-aureo","status":"publish","type":"page","link":"https:\/\/www.aureo.co.jp\/de\/about-aureo\/","title":{"rendered":"Unternehmensprofil"},"content":{"rendered":"<h3 class=\"ttl\">Grundprinzip<\/h3>\n<p>Weltfrieden und gegenseitige R\u00fccksichtnahme<\/p>\n<h3 class=\"ttl\">Grunds\u00e4tzliche Firmenpolitik<\/h3>\n<p>Mit unseren \u00fcberragenden Produkten, faktenbasierten Informationen und angemessenen Dienstleistungen leisten wir einen aktiven Beitrag sowohl zum Schutz der Umwelt als auch zum Erhalt und zur Verbesserung unser aller Gesundheit.<\/p>\n<h2 class=\"ttl Sec\">TOP-NACHRICHT<\/h2>\n<p><img loading=\"lazy\" decoding=\"async\" src=\"https:\/\/www.aureo.co.jp\/wp-content\/uploads\/2020\/08\/moriya_syatyou.jpg\" alt=\"\" width=\"439\" height=\"327\" class=\"aligncenter size-full wp-image-1316\" srcset=\"https:\/\/www.aureo.co.jp\/wp-content\/uploads\/2020\/08\/moriya_syatyou.jpg 439w, https:\/\/www.aureo.co.jp\/wp-content\/uploads\/2020\/08\/moriya_syatyou-300x223.jpg 300w\" sizes=\"auto, (max-width: 439px) 100vw, 439px\" \/><br \/>\nVorstandsvorsitz  Yukiko Moriya<\/p>\n<p>Wir von Aureo Co., Ltd. m\u00f6chten die \u00fcberragenden Eigenschaften unseres \u03b2-Glucans, das wir aus der Fermentation von Aureobasidium-Bakterien (Schwarzhefe) gewinnen, daf\u00fcr einsetzen, einen sozialen Beitrag zu Gesundheit und Sch\u00f6nheit zu leisten.<br \/>\nSeit der Firmengr\u00fcndung sind 20 Jahre vergangen, in denen die hervorragenden Eigenschaften des \u03b2-Glucans aus Aureobasidium (Schwarzhefe) gleichzeitig mit der Weiterentwicklung der immunologischen Forschung immer mehr zur Geltung gekommen sind und dies auch weiterhin tun.<br \/>\nDar\u00fcber hinaus wurde auf Nachrichtenmedien wie NHK \u00fcber den Erfolg von \u03b2-Glucan aus Aureobasidium (Schwarzhefe) im Zusammenhang mit der Grippeforschung berichtet, weshalb nicht nur die nationale, sondern auch die internationale Nachfrage zunimmt.<br \/>\nWir sehen es als unsere Pflicht, die unbegrenzten M\u00f6glichkeiten von \u03b2-Glucan aus Aureobasidium (Schwarzhefe) in unseren Gesch\u00e4ftst\u00e4tigkeiten einzusetzen und auf diese Weise zu mehr Gesundheit und Wohlstand in der Gesellschaft beizutragen.<\/p>\n<section>\n<div class=\"small_page\">\n<h2 class=\"ttl Sec\">UNTERNEHMENSPROFIL<\/h2>\n<div class=\"Flex_wrap Flex_reverse Flex_Center\">\n<div class=\"ImgTxt tab_Wide\">\n<p class=\"Photo_nosha\"><img decoding=\"async\" src=\"https:\/\/www.aureo.co.jp\/wp-content\/uploads\/2020\/07\/corp_photo-1.jpg\" alt=\"\u682a\u5f0f\u4f1a\u793e\u30a2\u30a6\u30ec\u30aa\" \/><\/p>\n<\/p><\/div>\n<div class=\"ImgTxt tab_Wide\">\n<dl class=\"tbl\">\n<dt>\n<div>Firmenname<\/div>\n<\/dt>\n<dd>Aureo Co., Ltd.<\/dd>\n<\/dl>\n<dl class=\"tbl\">\n<dt>\n<div>Gr\u00fcndungsdatum<\/div>\n<\/dt>\n<dd>Juni 1997<\/dd>\n<\/dl>\n<dl class=\"tbl\">\n<dt>\n<div>Vorstandsvorsitz<\/div>\n<\/dt>\n<dd>Yukiko Moriya<\/dd>\n<\/dl>\n<dl class=\"tbl\">\n<dt>\n<div>Kapital<\/div>\n<\/dt>\n<dd>10 Millionen JPY<\/dd>\n<\/dl>\n<dl class=\"tbl\">\n<dt>\n<div>Zentrale<\/div>\n<\/dt>\n<dd>\u3012292-1149<br \/>\n54-1 Kazusakoito, Kimitsu-shi, Chiba-ken <br \/>\n(im Kazusa Academia Park)<\/dd>\n<\/dl>\n<dl class=\"tbl\">\n<dt>\n<div>Gesch\u00e4ftshauptsitz Tokyo<\/div>\n<\/dt>\n<dd>\u3012105-0014<br \/>\n2-14-5 Shiba, Minato-ku, Tokyo (Shiba Chitose-Geb\u00e4ude, 6. Stock)\n<\/dl>\n<\/p><\/div>\n<\/p><\/div>\n<\/div>\n<\/section>\n<!-- AddThis Advanced Settings generic via filter on the_content --><!-- AddThis Share Buttons generic via filter on the_content -->","protected":false},"excerpt":{"rendered":"<p>Grundprinzip Weltfrieden und gegenseitige R\u00fccksichtnahme Grunds\u00e4tzliche Firmenpolitik Mit unseren \u00fcberragenden Produkten, faktenbasierten Informationen und angemessenen Dienstleistungen leisten wir einen aktiven Beitrag sowohl zum Schutz der Umwelt als auch zum Erhalt und zur Verbesserung unser aller Gesundheit. TOP-NACHRICHT Vorstandsvorsitz Yukiko Moriya<!-- AddThis Advanced Settings generic via filter on get_the_excerpt --><!-- AddThis Share Buttons generic via filter on get_the_excerpt --><\/p>\n","protected":false},"author":4,"featured_media":0,"parent":0,"menu_order":0,"comment_status":"closed","ping_status":"closed","template":"","meta":{"_acf_changed":false,"_locale":"de_DE","_original_post":"https:\/\/www.aureo.co.jp\/?page_id=129","footnotes":""},"class_list":["post-2827","page","type-page","status-publish","hentry","de-DE"],"acf":[],"aioseo_notices":[],"_links":{"self":[{"href":"https:\/\/www.aureo.co.jp\/wp-json\/wp\/v2\/pages\/2827","targetHints":{"allow":["GET"]}}],"collection":[{"href":"https:\/\/www.aureo.co.jp\/wp-json\/wp\/v2\/pages"}],"about":[{"href":"https:\/\/www.aureo.co.jp\/wp-json\/wp\/v2\/types\/page"}],"author":[{"embeddable":true,"href":"https:\/\/www.aureo.co.jp\/wp-json\/wp\/v2\/users\/4"}],"replies":[{"embeddable":true,"href":"https:\/\/www.aureo.co.jp\/wp-json\/wp\/v2\/comments?post=2827"}],"version-history":[{"count":3,"href":"https:\/\/www.aureo.co.jp\/wp-json\/wp\/v2\/pages\/2827\/revisions"}],"predecessor-version":[{"id":2833,"href":"https:\/\/www.aureo.co.jp\/wp-json\/wp\/v2\/pages\/2827\/revisions\/2833"}],"wp:attachment":[{"href":"https:\/\/www.aureo.co.jp\/wp-json\/wp\/v2\/media?parent=2827"}],"curies":[{"name":"wp","href":"https:\/\/api.w.org\/{rel}","templated":true}]}}