{"id":2839,"date":"2021-10-19T13:52:07","date_gmt":"2021-10-19T04:52:07","guid":{"rendered":"https:\/\/www.aureo.co.jp\/?page_id=2839"},"modified":"2021-10-19T13:52:07","modified_gmt":"2021-10-19T04:52:07","slug":"aureo-study","status":"publish","type":"page","link":"https:\/\/www.aureo.co.jp\/de\/aureo-study\/","title":{"rendered":"die Studium"},"content":{"rendered":"<h2 class=\"ttl Sec\">H\u00f6chste Priorit\u00e4t auf Forschung und Entwicklung<\/h2>\n<p>In Hinblick auf die \u00dcberalterung der Gesellschaft ist es wichtig, f\u00fcr die soziale und wirtschaftliche Unabh\u00e4ngigkeit der Menschen die \u201eImmunst\u00e4rke\u201c zu erh\u00f6hen und sich auf diese Weise um den Erhalt und die Verbesserung unser aller Gesundheit zu bem\u00fchen. Dabei legt Aureo gro\u00dfen Wert auf Forschung und Entwicklung, um \u201eechte Produkte\u201c auf Grundlage tats\u00e4chlicher wissenschaftlicher Belege (Beweise) bereitzustellen.<\/p>\n<h3 class=\"ttl\">Gemeinsame Forschung und Auftragsforschung in Kooperation mit Universit\u00e4ten und Forschungsinstituten<\/h3>\n<ul>\n\t<span class=\"bold\"><\/p>\n<li>Forschungsinstitut Kitasato<\/li>\n<p><\/span><br \/>\nMedizinisches Zentrum f\u00fcr Umweltwissenschaften der Universit\u00e4t Kitasato<br \/>\n\t<span class=\"bold\"><\/p>\n<li>Nationale Universit\u00e4t Hokkaido<\/li>\n<p><\/span><br \/>\nInstitut f\u00fcr Genmedizin<br \/>\nForschungszentrum f\u00fcr Zoonosen<br \/>\n\t<span class=\"bold\"><\/p>\n<li>Tokyo Denki Universit\u00e4t<\/li>\n<p><\/span><\/p>\n<p>\t<span class=\"bold\"><\/p>\n<li>Nationale Universit\u00e4t Shizuoka<\/li>\n<p><\/span><\/p>\n<p>\t<span class=\"bold\"><\/p>\n<li>Junshin Gakuen Group<\/li>\n<p><\/span><br \/>\nJunshin Gakuen Universit\u00e4t<br \/>\n\t<span class=\"bold\"><\/p>\n<li>Ochanomizu University<\/li>\n<p><\/span><\/p>\n<p>\t<span class=\"bold\"><\/p>\n<li>Universit\u00e4t f\u00fcr Gesundheit- swissenschaften der Pr\u00e4fektur Kagawa<\/li>\n<p><\/span><\/p>\n<p>\t<span class=\"bold\"><\/p>\n<li>Rakuno Gakuen<\/li>\n<p><\/span><\/p>\n<p>\t<span class=\"bold\"><\/p>\n<li>Gemeinn\u00fctzige Organisation f\u00fcr klinische Studien zu japanischen Nahrungsmittelzus\u00e4tzen<\/li>\n<p><\/span><\/p>\n<p>\t<span class=\"bold\"><\/p>\n<li>Fuji Jinen Tec Farm Co., Ltd.<\/li>\n<p><\/span><\/p>\n<p>\t<span class=\"bold\"><\/p>\n<li>Zentrum f\u00fcr Biologie und Sicherheit<\/li>\n<p><\/span><\/p>\n<p>\t<span class=\"bold\"><\/p>\n<li>Zentrum f\u00fcr Lebensmittel- und Arzneimittelsicherheit<\/li>\n<p><\/span><\/p>\n<p>\t<span class=\"bold\"><\/p>\n<li>Zentrum f\u00fcr japanische Lebensmittelforschung<\/li>\n<p><\/span><\/p>\n<p>\t<span class=\"bold\"><\/p>\n<li>Toray Research Co., Ltd.<\/span><\/li>\n<\/ul>\n<h3 class=\"ttl\">Wissenschaftliche Belege f\u00fcr \u03b2-Glucan<\/h3>\n<h4 class=\"ttl\">Sicherheit<\/h4>\n<ul>\n<li>Pr\u00fcfung der Verabreichungsdosis<\/li>\n<li>Pr\u00fcfung einer wiederholten Verabreichung<\/li>\n<li>Klinische Langzeit-Impfstudie<\/li>\n<\/ul>\n<h4 class=\"ttl\">Hautbild<\/h4>\n<ul>\n<li>Ceramid-Produktion<\/li>\n<li>Kollagen-Produktion<\/li>\n<li>Hyalurons\u00e4ure-Produktion<\/li>\n<\/ul>\n<h4 class=\"ttl\">Wunden<\/h4>\n<ul>\n<li>Wundheilungsf\u00f6rderung<\/li>\n<li>Heilungsf\u00f6rderung bei Verbrennungen<\/li>\n<\/ul>\n<h4 class=\"ttl\">Allergien<\/h4>\n<ul>\n<li>Verbesserung atopischer Dermatitis<\/li>\n<li>Verbesserung bei Heuschnupfen<\/li>\n<\/ul>\n<h4 class=\"ttl\">Chronische Rhinitis<\/h4>\n<ul>\n<li>Unterdr\u00fcckung der Fettansammlung<\/li>\n<li>Kontrollierter Blutzuckerspiegel<\/li>\n<li>F\u00e4lle von Verbesserung bei Diabetes<\/li>\n<li>Vorbeugung und Verbesserung einer An\u00e4mie<\/li>\n<\/ul>\n<h4 class=\"ttl\">Darmmilieu<\/h4>\n<ul>\n<li>Verbesserung bei Verstopfung<\/li>\n<\/ul>\n<h4 class=\"ttl\">Infektions- krankheiten<\/h4>\n<ul>\n<li>Infektionsschutz gegen Listerien<\/li>\n<li>Infektionsschutz gegen Grippe<\/li>\n<li>Schrittweise Immunisierung<\/li>\n<li>Adjuvante Wirkung<\/li>\n<\/ul>\n<h4 class=\"ttl\">Neubildung b\u00f6sartiger Krebs- geschw\u00fcre<\/h4>\n<ul>\n<li>Reduzierte Nebenwirkungen von Krebsmedikamenten<\/li>\n<li>Verbesserung leuk\u00e4mischer Krankheitszust\u00e4nde<\/li>\n<li>TRAIL-Expressionsverst\u00e4rkung<\/li>\n<li>Organische Heilungsbeschleunigung<\/li>\n<li>F\u00e4lle von Verbesserung bei Dickdarmkrebs<\/li>\n<\/ul>\n<h4 class=\"ttl\">Tiere in der Industrie<\/h4>\n<ul>\n<li>K\u00fche: Vorbeugung und Heilung von Mastitis<\/li>\n<li>K\u00fche: Verbesserung der Milchqualit\u00e4t<\/li>\n<\/ul>\n<h4 class=\"ttl\">Begleittiere (Haustiere)<\/h4>\n<ul>\n<li>Verbesserung von Entz\u00fcndungen (CRP)<\/li>\n<li>Verbesserung von Hautkrankheiten<\/li>\n<li>Verbesserung bei Tumoren<\/li>\n<\/ul>\n<!-- AddThis Advanced Settings generic via filter on the_content --><!-- AddThis Share Buttons generic via filter on the_content -->","protected":false},"excerpt":{"rendered":"<p>H\u00f6chste Priorit\u00e4t auf Forschung und Entwicklung In Hinblick auf die \u00dcberalterung der Gesellschaft ist es wichtig, f\u00fcr die soziale und wirtschaftliche Unabh\u00e4ngigkeit der Menschen die \u201eImmunst\u00e4rke\u201c zu erh\u00f6hen und sich auf diese Weise um den Erhalt und die Verbesserung unser<!-- AddThis Advanced Settings generic via filter on get_the_excerpt --><!-- AddThis Share Buttons generic via filter on get_the_excerpt --><\/p>\n","protected":false},"author":4,"featured_media":0,"parent":0,"menu_order":0,"comment_status":"closed","ping_status":"closed","template":"","meta":{"_acf_changed":false,"_locale":"de_DE","_original_post":"https:\/\/www.aureo.co.jp\/?page_id=109","footnotes":""},"class_list":["post-2839","page","type-page","status-publish","hentry","de-DE"],"acf":[],"aioseo_notices":[],"_links":{"self":[{"href":"https:\/\/www.aureo.co.jp\/wp-json\/wp\/v2\/pages\/2839","targetHints":{"allow":["GET"]}}],"collection":[{"href":"https:\/\/www.aureo.co.jp\/wp-json\/wp\/v2\/pages"}],"about":[{"href":"https:\/\/www.aureo.co.jp\/wp-json\/wp\/v2\/types\/page"}],"author":[{"embeddable":true,"href":"https:\/\/www.aureo.co.jp\/wp-json\/wp\/v2\/users\/4"}],"replies":[{"embeddable":true,"href":"https:\/\/www.aureo.co.jp\/wp-json\/wp\/v2\/comments?post=2839"}],"version-history":[{"count":3,"href":"https:\/\/www.aureo.co.jp\/wp-json\/wp\/v2\/pages\/2839\/revisions"}],"predecessor-version":[{"id":2951,"href":"https:\/\/www.aureo.co.jp\/wp-json\/wp\/v2\/pages\/2839\/revisions\/2951"}],"wp:attachment":[{"href":"https:\/\/www.aureo.co.jp\/wp-json\/wp\/v2\/media?parent=2839"}],"curies":[{"name":"wp","href":"https:\/\/api.w.org\/{rel}","templated":true}]}}