{"id":2847,"date":"2021-10-19T13:51:18","date_gmt":"2021-10-19T04:51:18","guid":{"rendered":"https:\/\/www.aureo.co.jp\/?page_id=2847"},"modified":"2021-10-19T13:51:18","modified_gmt":"2021-10-19T04:51:18","slug":"patent-list","status":"publish","type":"page","link":"https:\/\/www.aureo.co.jp\/de\/patent-list\/","title":{"rendered":"PATENT"},"content":{"rendered":"<h2 class=\"ttl Sec\">Patentanmeldungen und Abhandlungen im In- und Ausland<\/h2>\n<p>Das \u03b2-Glucan von Aureo ist ein einzigartiges \u03b2-Glucan mit der chemischen Verbindung \u03b2-1.3-1.6. Aureo besitzt ausgezeichnete Aureobasidium-(Schwarzhefe)-Bakterien und verf\u00fcgt \u00fcber zahlreiche Patente zu diesbez\u00fcglichen Herstellungsverfahren, Kulturen und Anwendungszwecken sowohl im In- als auch im Ausland. Dar\u00fcber hinaus wurden umfangreiche Beitr\u00e4ge in begutachteten wissenschaftlichen Zeitschriften wie \u201ePLOS ONE\u201c oder \u201eScientific Reports\u201c ver\u00f6ffentlicht.<\/p>\n<h2 class=\"ttl Sec\">44 Patente im In- und Ausland  (Stand: Juli 2020)<\/h2>\n<h3 class=\"ttl\">Immunstimulans<\/h3>\n<p><img loading=\"lazy\" decoding=\"async\" src=\"https:\/\/www.aureo.co.jp\/wp-content\/uploads\/2020\/07\/Japantokkyo4369258-menekihukatsuzai-1-Copy.png\" alt=\"japan-4369258\" width=\"496\" height=\"702\" class=\"aligncenter size-full wp-image-534\" srcset=\"https:\/\/www.aureo.co.jp\/wp-content\/uploads\/2020\/07\/Japantokkyo4369258-menekihukatsuzai-1-Copy.png 496w, https:\/\/www.aureo.co.jp\/wp-content\/uploads\/2020\/07\/Japantokkyo4369258-menekihukatsuzai-1-Copy-212x300.png 212w\" sizes=\"auto, (max-width: 496px) 100vw, 496px\" \/><br \/>\nHierbei wurde best\u00e4tigt, dass die Immunfunktion des lebenden Organismus aktiviert und die Abwehrkr\u00e4fte gest\u00e4rkt werden.<br \/>\nPatent-Nr. 4369258 (Japan)<\/p>\n<h3 class=\"ttl\">TRAIL-Expressionsverst\u00e4rker<\/h3>\n<p><img loading=\"lazy\" decoding=\"async\" src=\"https:\/\/www.aureo.co.jp\/wp-content\/uploads\/2020\/07\/JapanTokkyo5937029-1.png\" alt=\"japan-5937029\" width=\"496\" height=\"702\" class=\"aligncenter size-full wp-image-634\" srcset=\"https:\/\/www.aureo.co.jp\/wp-content\/uploads\/2020\/07\/JapanTokkyo5937029-1.png 496w, https:\/\/www.aureo.co.jp\/wp-content\/uploads\/2020\/07\/JapanTokkyo5937029-1-212x300.png 212w\" sizes=\"auto, (max-width: 496px) 100vw, 496px\" \/><br \/>\nHierbei wurde best\u00e4tigt, dass die Anzahl des TRAIL (eine Art von Zytokin) erh\u00f6ht wird, welcher Krebszellen abt\u00f6tet.<br \/>\nPatent-Nr. 5937029 (Japan)<\/p>\n<h3 class=\"ttl\">Organischer Heilungsbeschleuniger<\/h3>\n<p><img loading=\"lazy\" decoding=\"async\" src=\"https:\/\/www.aureo.co.jp\/wp-content\/uploads\/2020\/07\/JapanTokkyo5331482.png\" alt=\"japan-5331482\" width=\"496\" height=\"702\" class=\"aligncenter size-full wp-image-584\" srcset=\"https:\/\/www.aureo.co.jp\/wp-content\/uploads\/2020\/07\/JapanTokkyo5331482.png 496w, https:\/\/www.aureo.co.jp\/wp-content\/uploads\/2020\/07\/JapanTokkyo5331482-212x300.png 212w\" sizes=\"auto, (max-width: 496px) 100vw, 496px\" \/><br \/>\nHierbei wurde best\u00e4tigt, dass die Nebenwirkungen von Krebsmedikamenten reduziert und die Heilung von Verbrennungen gef\u00f6rdert wird.<br \/>\nPatent-Nr. 5331482 (Japan) \/ Patent-Nr. 5715659 (Japan)<\/p>\n<h3 class=\"ttl\">Therapeutisches Medikament bei einer Grippevirusinfektion<\/h3>\n<p><img loading=\"lazy\" decoding=\"async\" src=\"https:\/\/www.aureo.co.jp\/wp-content\/uploads\/2020\/07\/JapanTokkyo5560472-1.png\" alt=\"japan-5560472\" width=\"496\" height=\"702\" class=\"aligncenter size-full wp-image-607\" srcset=\"https:\/\/www.aureo.co.jp\/wp-content\/uploads\/2020\/07\/JapanTokkyo5560472-1.png 496w, https:\/\/www.aureo.co.jp\/wp-content\/uploads\/2020\/07\/JapanTokkyo5560472-1-212x300.png 212w\" sizes=\"auto, (max-width: 496px) 100vw, 496px\" \/><br \/>\nHierbei wurde best\u00e4tigt, dass die Schwere von Grippeinfektionen verringert und eine diesbez\u00fcgliche Behandlung gef\u00f6rdert wird.<br \/>\nPatent-Nr. 5560472 (Japan) und andere<\/p>\n<h2 class=\"ttl Sec\">Internationale Patente<\/h2>\n<p>Wir besitzen nicht nur in Japan, sondern auch in den USA und in Europa (Gro\u00dfbritannien, Frankreich, Deutschland) sowie Korea und China usw. weltweit die folgenden Patente: Medikament gegen Verstopfung und feuchtigkeitsspendendes Hautpflegemittel, organischer Heilungsbeschleuniger (einer f\u00fcr die Reduzierung von Nebenwirkungen bei Krebsmedikamenten und einer f\u00fcr die verbesserte Heilung bei Verbrennungen), therapeutisches Medikament bei Grippeinfektionen, Immunadjuvans, zytokinf\u00f6rdernde Zusammensetzung in<\/p>\n<!-- AddThis Advanced Settings generic via filter on the_content --><!-- AddThis Share Buttons generic via filter on the_content -->","protected":false},"excerpt":{"rendered":"<p>Patentanmeldungen und Abhandlungen im In- und Ausland Das \u03b2-Glucan von Aureo ist ein einzigartiges \u03b2-Glucan mit der chemischen Verbindung \u03b2-1.3-1.6. Aureo besitzt ausgezeichnete Aureobasidium-(Schwarzhefe)-Bakterien und verf\u00fcgt \u00fcber zahlreiche Patente zu diesbez\u00fcglichen Herstellungsverfahren, Kulturen und Anwendungszwecken sowohl im In- als auch<!-- AddThis Advanced Settings generic via filter on get_the_excerpt --><!-- AddThis Share Buttons generic via filter on get_the_excerpt --><\/p>\n","protected":false},"author":4,"featured_media":0,"parent":0,"menu_order":0,"comment_status":"closed","ping_status":"closed","template":"","meta":{"_acf_changed":false,"_locale":"de_DE","_original_post":"https:\/\/www.aureo.co.jp\/?page_id=120","footnotes":""},"class_list":["post-2847","page","type-page","status-publish","hentry","de-DE"],"acf":[],"aioseo_notices":[],"_links":{"self":[{"href":"https:\/\/www.aureo.co.jp\/wp-json\/wp\/v2\/pages\/2847","targetHints":{"allow":["GET"]}}],"collection":[{"href":"https:\/\/www.aureo.co.jp\/wp-json\/wp\/v2\/pages"}],"about":[{"href":"https:\/\/www.aureo.co.jp\/wp-json\/wp\/v2\/types\/page"}],"author":[{"embeddable":true,"href":"https:\/\/www.aureo.co.jp\/wp-json\/wp\/v2\/users\/4"}],"replies":[{"embeddable":true,"href":"https:\/\/www.aureo.co.jp\/wp-json\/wp\/v2\/comments?post=2847"}],"version-history":[{"count":1,"href":"https:\/\/www.aureo.co.jp\/wp-json\/wp\/v2\/pages\/2847\/revisions"}],"predecessor-version":[{"id":2848,"href":"https:\/\/www.aureo.co.jp\/wp-json\/wp\/v2\/pages\/2847\/revisions\/2848"}],"wp:attachment":[{"href":"https:\/\/www.aureo.co.jp\/wp-json\/wp\/v2\/media?parent=2847"}],"curies":[{"name":"wp","href":"https:\/\/api.w.org\/{rel}","templated":true}]}}