{"id":2859,"date":"2021-10-19T13:46:33","date_gmt":"2021-10-19T04:46:33","guid":{"rendered":"https:\/\/www.aureo.co.jp\/?page_id=2859"},"modified":"2021-10-20T08:43:42","modified_gmt":"2021-10-19T23:43:42","slug":"good-manufacturing-practice","status":"publish","type":"page","link":"https:\/\/www.aureo.co.jp\/de\/good-manufacturing-practice\/","title":{"rendered":"Herstellung"},"content":{"rendered":"<section>\n<div class=\"small_page\">\n<h2 class=\"ttl Sec\">Integriertes System hochwertiger, sicherer und zuverl\u00e4ssiger Produkte in Japan<\/h2>\n<p>Die St\u00e4rke von Aureo liegt darin, dass wir alle Bereiche abdecken \u2013 von der Planung \u00fcber die Entwicklung bis hin zu Produktion, Vertrieb und Distribution. Dar\u00fcber hinaus stellen wir alles innerhalb Japans her, um eine stabile und zeitnahe Lieferung hochwertiger Produkte zu erm\u00f6glichen.<\/p>\n<h2 class=\"ttl Sec\">Werksproduktion auf Grundlage modernster Biotechnologie<\/h2>\n<p>In unserem Werk verwenden wir modernste Biotechnologien, um auf zuverl\u00e4ssige Weise hochwertiges \u03b2-Glucan aus Aureobasidium (Schwarzhefe) herzustellen. Dar\u00fcber hinaus erfolgt die Produktion dieses wichtigen Stoffes unter der Durchf\u00fchrung einer gr\u00fcndlichen Qualit\u00e4tskontrolle und Qualit\u00e4tssicherung auf Basis verschiedener Zertifizierungen.<\/p>\n<h2 class=\"ttl Sec\">Erhaltene Zertifikate<\/h2>\n<h3 class=\"ttl\">GMP-Zertifikat f\u00fcr Nahrungserg\u00e4nzungsmittel<\/h3>\n<p>GMP stellt die Abk\u00fcrzung f\u00fcr den englischen Ausdruck \u201eGood Manufacturing Practice\u201c dar. Dieser beschreibt verschiedene Punkte im Zusammenhang mit dem Zeitpunkt und der Compliance w\u00e4hrend der Produktion, um qualitativ hochwertige Arzneimittel und medizinische Ger\u00e4te bereitzustellen, die sicher und zuverl\u00e4ssig verwendet werden k\u00f6nnen. Aureo Co., Ltd. hat das GMP-Zertifikat f\u00fcr die Herstellung in einer f\u00fcr Arzneimittel geeigneten Umgebung erhalten.<br \/>\n<img loading=\"lazy\" decoding=\"async\" src=\"https:\/\/www.aureo.co.jp\/wp-content\/uploads\/2020\/07\/GMP_20140812-20170811.png\" alt=\"\u5065\u5eb7\u88dc\u52a9\u98df\u54c1GMP\u8a8d\u8a3c\" width=\"299\" height=\"428\" class=\"aligncenter size-full wp-image-217\" srcset=\"https:\/\/www.aureo.co.jp\/wp-content\/uploads\/2020\/07\/GMP_20140812-20170811.png 299w, https:\/\/www.aureo.co.jp\/wp-content\/uploads\/2020\/07\/GMP_20140812-20170811-210x300.png 210w\" sizes=\"auto, (max-width: 299px) 100vw, 299px\" \/><\/p>\n<h3 class=\"ttl\">Werksregistrierung nach dem Bioterrorismusgesetz (USA)<\/h3>\n<p>Unser Werk wurde nach dem Werksregistrierungsverfahren des Bioterrorismusgesetzes der amerikanischen FDA-Beh\u00f6rde registriert. Mit dieser Registrierung wird best\u00e4tigt, dass das Lebensmittel bei der Einfuhr in die USA eine eindeutige Abstammung aufweist.<br \/>\n<img loading=\"lazy\" decoding=\"async\" src=\"https:\/\/www.aureo.co.jp\/wp-content\/uploads\/2020\/07\/certificate-of-registration-2017.png\" alt=\"\u30d0\u30a4\u30aa\u30c6\u30ed\u6cd5\u306b\u57fa\u3065\u304f\u5de5\u5834\u767b\u9332\" width=\"298\" height=\"389\" class=\"aligncenter size-full wp-image-220\" srcset=\"https:\/\/www.aureo.co.jp\/wp-content\/uploads\/2020\/07\/certificate-of-registration-2017.png 298w, https:\/\/www.aureo.co.jp\/wp-content\/uploads\/2020\/07\/certificate-of-registration-2017-230x300.png 230w\" sizes=\"auto, (max-width: 298px) 100vw, 298px\" \/><\/p>\n<h3 class=\"ttl\">Halal-Zertifizierung nach der Halal Association (Gro\u00dfbritannien)<\/h3>\n<p>Wir sind von der britischen Halal Association mit einer Halal-Zertifizierung ausgezeichnet worden. Halal basiert auf dem Islam und dr\u00fcckt aus, dass das entsprechende Lebensmittel von Gott (Allah) als rein anerkannt wurde.<br \/>\n<img loading=\"lazy\" decoding=\"async\" src=\"https:\/\/www.aureo.co.jp\/wp-content\/uploads\/2020\/07\/Halal-Authentication2018.2.15.png\" alt=\"\u30cf\u30e9\u30fc\u30eb\u5354\u4f1a\u30cf\u30e9\u30fc\u30eb\u8a8d\u8a3c\" width=\"300\" height=\"424\" class=\"aligncenter size-full wp-image-218\" srcset=\"https:\/\/www.aureo.co.jp\/wp-content\/uploads\/2020\/07\/Halal-Authentication2018.2.15.png 300w, https:\/\/www.aureo.co.jp\/wp-content\/uploads\/2020\/07\/Halal-Authentication2018.2.15-212x300.png 212w\" sizes=\"auto, (max-width: 300px) 100vw, 300px\" \/><\/p>\n<\/div>\n<\/section>\n<!-- AddThis Advanced Settings generic via filter on the_content --><!-- AddThis Share Buttons generic via filter on the_content -->","protected":false},"excerpt":{"rendered":"<p>Integriertes System hochwertiger, sicherer und zuverl\u00e4ssiger Produkte in Japan Die St\u00e4rke von Aureo liegt darin, dass wir alle Bereiche abdecken \u2013 von der Planung \u00fcber die Entwicklung bis hin zu Produktion, Vertrieb und Distribution. Dar\u00fcber hinaus stellen wir alles innerhalb<!-- AddThis Advanced Settings generic via filter on get_the_excerpt --><!-- AddThis Share Buttons generic via filter on get_the_excerpt --><\/p>\n","protected":false},"author":4,"featured_media":0,"parent":0,"menu_order":0,"comment_status":"closed","ping_status":"closed","template":"","meta":{"_acf_changed":false,"_locale":"de_DE","_original_post":"https:\/\/www.aureo.co.jp\/?page_id=89","footnotes":""},"class_list":["post-2859","page","type-page","status-publish","hentry","de-DE"],"acf":[],"aioseo_notices":[],"_links":{"self":[{"href":"https:\/\/www.aureo.co.jp\/wp-json\/wp\/v2\/pages\/2859","targetHints":{"allow":["GET"]}}],"collection":[{"href":"https:\/\/www.aureo.co.jp\/wp-json\/wp\/v2\/pages"}],"about":[{"href":"https:\/\/www.aureo.co.jp\/wp-json\/wp\/v2\/types\/page"}],"author":[{"embeddable":true,"href":"https:\/\/www.aureo.co.jp\/wp-json\/wp\/v2\/users\/4"}],"replies":[{"embeddable":true,"href":"https:\/\/www.aureo.co.jp\/wp-json\/wp\/v2\/comments?post=2859"}],"version-history":[{"count":2,"href":"https:\/\/www.aureo.co.jp\/wp-json\/wp\/v2\/pages\/2859\/revisions"}],"predecessor-version":[{"id":2934,"href":"https:\/\/www.aureo.co.jp\/wp-json\/wp\/v2\/pages\/2859\/revisions\/2934"}],"wp:attachment":[{"href":"https:\/\/www.aureo.co.jp\/wp-json\/wp\/v2\/media?parent=2859"}],"curies":[{"name":"wp","href":"https:\/\/api.w.org\/{rel}","templated":true}]}}