{"id":2941,"date":"2021-10-20T09:37:47","date_gmt":"2021-10-20T00:37:47","guid":{"rendered":"https:\/\/www.aureo.co.jp\/?page_id=2941"},"modified":"2021-10-20T09:53:29","modified_gmt":"2021-10-20T00:53:29","slug":"home","status":"publish","type":"page","link":"https:\/\/www.aureo.co.jp\/","title":{"rendered":"HEIMAT"},"content":{"rendered":"<div class=\"small_page top_wrap\">\n<div class=\"Flex_wrap\">\n<div class=\"Hurf\">\n<h2 class=\"ttl beta\">Erfahren Sie mehr \u00fcber \u03b2-Glucan<span class=\"en\">whats beta glucan<\/span><\/h2>\n<div class=\"Banner\" style=\"background:url(https:\/\/www.aureo.co.jp\/wp-content\/uploads\/2020\/07\/banner-1.jpg)no-repeat center center #f2f2f9;\n background-size:cover;\"><br \/>\n<a href=\"https:\/\/www.aureo.co.jp\/whats-beta-glucan\/\"><\/a><\/p>\n<p class=\"Text\">Was ist \u03b2-Glucan, das die Gesundheit unterst\u00fctzt?<\/p>\n<\/p><\/div>\n<\/div>\n<div class=\"Hurf\">\n<h2 class=\"ttl patent\">Patent<span class=\"en\">Patent<\/span><\/h2>\n<div class=\"Banner\" style=\"background:url(https:\/\/www.aureo.co.jp\/wp-content\/uploads\/2020\/07\/banner-6.jpg)no-repeat center top #f2f2f9;\n background-size:cover;\"><a href=\"https:\/\/www.aureo.co.jp\/patent-list\/\"><\/a><\/p>\n<p class=\"Text\">Aureobasidium (Schwarzhefe) \u03b2-Glucan Forschung und Patent<\/p>\n<\/p><\/div>\n<\/div>\n<\/div><\/div>\n<div class=\"small_page top_wrap\">\n<div class=\"Flex_wrap\">\n<div class=\"Hurf\">\n<h2 class=\"ttl practice\">Fertigung \/ Qualit\u00e4tskontrolle<span class=\"en\">good manufacturing practice<\/span><\/h2>\n<div class=\"Banner\" style=\"background:url(https:\/\/www.aureo.co.jp\/wp-content\/uploads\/2020\/07\/corp_photo.jpg)no-repeat center center #f2f2f9;\n background-size:cover;\"><a href=\"https:\/\/www.aureo.co.jp\/good-manufacturing-practice\/\"><\/a><\/p>\n<p class=\"Text\">\u00dcber Herstellung und Qualit\u00e4tskontrolle<\/p>\n<\/p><\/div>\n<\/div>\n<div class=\"Hurf\">\n<h2 class=\"ttl study\">\u00dcber Forschung<span class=\"en\">study<\/span><\/h2>\n<div class=\"Banner\" style=\"background:url(https:\/\/www.aureo.co.jp\/wp-content\/uploads\/2020\/07\/banner-5.jpg)no-repeat center center #f2f2f9;\n background-size:cover;\"><a href=\"https:\/\/www.aureo.co.jp\/aureo-study\/\"><\/a><\/p>\n<p class=\"Text\">Aureo F&#038;E<\/p>\n<\/p><\/div>\n<\/div><\/div>\n<\/div>\n<div class=\"small_page top_wrap\">\n<div class=\"Flex_wrap\">\n<div class=\"Hurf\">\n<h2 class=\"ttl interview\">Interview<span class=\"en\">Employee interview<\/span><\/h2>\n<div class=\"Banner\" style=\"background:url(https:\/\/www.aureo.co.jp\/wp-content\/uploads\/2020\/09\/3703200_m.jpg)no-repeat center center #f2f2f9;\n background-size:cover;\"><a href=\"https:\/\/www.aureo.co.jp\/interview\/employee-interview\/\"><\/a><\/p>\n<p class=\"Text\">Interview mit Aureo-Mitarbeitern<\/p>\n<\/p><\/div>\n<\/div>\n<div class=\"Hurf\">\n<h2 class=\"ttl parents\">Unternehmensprofil<span class=\"en\">About Us<\/span><\/h2>\n<div class=\"Banner\" style=\"background:url(https:\/\/www.aureo.co.jp\/wp-content\/uploads\/2020\/12\/aureo_2.jpg)no-repeat center top #f2f2f9;\n background-size:cover;\"><a href=\"https:\/\/www.aureo.co.jp\/about-aureo\/\"><\/a><\/p>\n<p class=\"Text\">\u00dcber das Firmenprofil<\/p>\n<\/p><\/div>\n<\/div>\n<\/div>\n<\/div>\n<!-- AddThis Advanced Settings generic via filter on the_content --><!-- AddThis Share Buttons generic via filter on the_content -->","protected":false},"excerpt":{"rendered":"<p>Erfahren Sie mehr \u00fcber \u03b2-Glucanwhats beta glucan Was ist \u03b2-Glucan, das die Gesundheit unterst\u00fctzt? PatentPatent Aureobasidium (Schwarzhefe) \u03b2-Glucan Forschung und Patent Fertigung \/ Qualit\u00e4tskontrollegood manufacturing practice \u00dcber Herstellung und Qualit\u00e4tskontrolle \u00dcber Forschungstudy Aureo F&#038;E InterviewEmployee interview Interview mit Aureo-Mitarbeitern UnternehmensprofilAbout<!-- AddThis Advanced Settings generic via filter on get_the_excerpt --><!-- AddThis Share Buttons generic via filter on get_the_excerpt --><\/p>\n","protected":false},"author":4,"featured_media":0,"parent":0,"menu_order":0,"comment_status":"closed","ping_status":"closed","template":"page-en.php","meta":{"_acf_changed":false,"_locale":"de_DE","_original_post":"https:\/\/www.aureo.co.jp\/?page_id=7","footnotes":""},"class_list":["post-2941","page","type-page","status-publish","hentry","de-DE"],"acf":[],"aioseo_notices":[],"_links":{"self":[{"href":"https:\/\/www.aureo.co.jp\/wp-json\/wp\/v2\/pages\/2941","targetHints":{"allow":["GET"]}}],"collection":[{"href":"https:\/\/www.aureo.co.jp\/wp-json\/wp\/v2\/pages"}],"about":[{"href":"https:\/\/www.aureo.co.jp\/wp-json\/wp\/v2\/types\/page"}],"author":[{"embeddable":true,"href":"https:\/\/www.aureo.co.jp\/wp-json\/wp\/v2\/users\/4"}],"replies":[{"embeddable":true,"href":"https:\/\/www.aureo.co.jp\/wp-json\/wp\/v2\/comments?post=2941"}],"version-history":[{"count":2,"href":"https:\/\/www.aureo.co.jp\/wp-json\/wp\/v2\/pages\/2941\/revisions"}],"predecessor-version":[{"id":2944,"href":"https:\/\/www.aureo.co.jp\/wp-json\/wp\/v2\/pages\/2941\/revisions\/2944"}],"wp:attachment":[{"href":"https:\/\/www.aureo.co.jp\/wp-json\/wp\/v2\/media?parent=2941"}],"curies":[{"name":"wp","href":"https:\/\/api.w.org\/{rel}","templated":true}]}}