{"id":2837,"date":"2021-10-19T13:43:27","date_gmt":"2021-10-19T04:43:27","guid":{"rendered":"https:\/\/www.aureo.co.jp\/?page_id=2837"},"modified":"2021-10-19T13:43:27","modified_gmt":"2021-10-19T04:43:27","slug":"about-aureo","status":"publish","type":"page","link":"https:\/\/www.aureo.co.jp\/fr\/about-aureo\/","title":{"rendered":"Profil de la soci\u00e9t\u00e9"},"content":{"rendered":"<h3 class=\"ttl\">Principe fondateur<\/h3>\n<p>Pour la paix dans le monde, pour un vrai partage<\/p>\n<h3 class=\"ttl\">Ambition<\/h3>\n<p>Notre entreprise contribue \u00e0 la protection de  l\u2019environnement ainsi qu\u2019au maintien et \u00e0 l&rsquo;am\u00e9lioration  de la sant\u00e9 humaine en fournissant d\u2019excellents produits,  des informations correctes et des services de qualit\u00e9.<\/p>\n<h2 class=\"ttl Sec\">MESSAGE DE LA DIRECTION<\/h2>\n<p><img loading=\"lazy\" decoding=\"async\" src=\"https:\/\/www.aureo.co.jp\/wp-content\/uploads\/2020\/08\/moriya_syatyou.jpg\" alt=\"\" width=\"439\" height=\"327\" class=\"aligncenter size-full wp-image-1316\" srcset=\"https:\/\/www.aureo.co.jp\/wp-content\/uploads\/2020\/08\/moriya_syatyou.jpg 439w, https:\/\/www.aureo.co.jp\/wp-content\/uploads\/2020\/08\/moriya_syatyou-300x223.jpg 300w\" sizes=\"auto, (max-width: 439px) 100vw, 439px\" \/><br \/>\nDirectrice g\u00e9n\u00e9rale   Yukiko Moriya<\/p>\n<p>Aureo Co., Ltd cherche \u00e0 apporter sa contribution au monde de la sant\u00e9 et de la beaut\u00e9 en tirant parti des excellentes caract\u00e9ristiques de son produit phare, le \u03b2-glucane, obtenu par la fermentation d&rsquo;Aureobasidium pullulans (levure noire).<br \/>\nDepuis la fondation de notre entreprise il y a plus de 20 ans, les qualit\u00e9s et l\u2019attrait du \u03b2-glucane d&rsquo;Aureobasidium pullulans (levure noire) ne font que s\u2019accro\u00eetre au fur et \u00e0 mesure du d\u00e9veloppement des recherches sur l&rsquo;immunit\u00e9.<br \/>\nLes r\u00e9sultats des recherches sur la grippe en relation avec le \u03b2-glucane  d&rsquo;Aureobasidium pullulans (levure noire) ont \u00e9t\u00e9 annonc\u00e9s dans les m\u00e9dias,  notamment sur NHK, le t\u00e9l\u00e9vision nationale japonaise, et nous recevons de plus en plus  de demandes d\u2019informations en provenance du Japon, mais \u00e9galement de l\u2019\u00e9tranger.<br \/>\nNous consid\u00e9rons qu\u2019il est de notre mission de favoriser la cr\u00e9ation d&rsquo;une soci\u00e9t\u00e9  plus saine et plus riche en exploitant commercialement  les possibilit\u00e9s infinies du \u03b2-glucane d&rsquo;Aureobasidium pullulans (levure noire).<\/p>\n<section>\n<div class=\"small_page\">\n<h2 class=\"ttl Sec\">PROFIL DE LA SOCI\u00c9T\u00c9<\/h2>\n<div class=\"Flex_wrap Flex_reverse Flex_Center\">\n<div class=\"ImgTxt tab_Wide\">\n<p class=\"Photo_nosha\"><img decoding=\"async\" src=\"https:\/\/www.aureo.co.jp\/wp-content\/uploads\/2020\/07\/corp_photo-1.jpg\" alt=\"Aureo Co., Ltd.\" \/><\/p>\n<\/p><\/div>\n<div class=\"ImgTxt tab_Wide\">\n<dl class=\"tbl\">\n<dt>\n<div>Raison sociale<\/div>\n<\/dt>\n<dd>Aureo Co., Ltd.<\/dd>\n<\/dl>\n<dl class=\"tbl\">\n<dt>\n<div>Fondation<\/div>\n<\/dt>\n<dd>Juin 1997<\/dd>\n<\/dl>\n<dl class=\"tbl\">\n<dt>\n<div>DG<\/div>\n<\/dt>\n<dd>Yukiko Moriya<\/dd>\n<\/dl>\n<dl class=\"tbl\">\n<dt>\n<div>Capital<\/div>\n<\/dt>\n<dd>10 000 000 yens<\/dd>\n<\/dl>\n<dl class=\"tbl\">\n<dt>\n<div>Si\u00e8ge social<\/div>\n<\/dt>\n<dd>292-1149<br \/>\n54-1 Kazusakoito, Kimitsu, Chiba, Japon <br \/>\n(au sein du Kazusa Akademia Park)<\/dd>\n<\/dl>\n<dl class=\"tbl\">\n<dt>\n<div>Bureau de Tokyo<\/div>\n<\/dt>\n<dd>105-0014<br \/>\n6e \u00e9tage, Shiba Chitose Building, 2-14-5 Shiba, Minato-ku, Tokyo, Japon\n<\/dd>\n<\/dl>\n<\/section>\n<!-- AddThis Advanced Settings generic via filter on the_content --><!-- AddThis Share Buttons generic via filter on the_content -->","protected":false},"excerpt":{"rendered":"<p>Principe fondateur Pour la paix dans le monde, pour un vrai partage Ambition Notre entreprise contribue \u00e0 la protection de l\u2019environnement ainsi qu\u2019au maintien et \u00e0 l&rsquo;am\u00e9lioration de la sant\u00e9 humaine en fournissant d\u2019excellents produits, des informations correctes et des<!-- AddThis Advanced Settings generic via filter on get_the_excerpt --><!-- AddThis Share Buttons generic via filter on get_the_excerpt --><\/p>\n","protected":false},"author":4,"featured_media":0,"parent":0,"menu_order":0,"comment_status":"closed","ping_status":"closed","template":"","meta":{"_acf_changed":false,"_locale":"fr_FR","_original_post":"https:\/\/www.aureo.co.jp\/?page_id=129","footnotes":""},"class_list":["post-2837","page","type-page","status-publish","hentry","fr-FR"],"acf":[],"aioseo_notices":[],"_links":{"self":[{"href":"https:\/\/www.aureo.co.jp\/wp-json\/wp\/v2\/pages\/2837","targetHints":{"allow":["GET"]}}],"collection":[{"href":"https:\/\/www.aureo.co.jp\/wp-json\/wp\/v2\/pages"}],"about":[{"href":"https:\/\/www.aureo.co.jp\/wp-json\/wp\/v2\/types\/page"}],"author":[{"embeddable":true,"href":"https:\/\/www.aureo.co.jp\/wp-json\/wp\/v2\/users\/4"}],"replies":[{"embeddable":true,"href":"https:\/\/www.aureo.co.jp\/wp-json\/wp\/v2\/comments?post=2837"}],"version-history":[{"count":1,"href":"https:\/\/www.aureo.co.jp\/wp-json\/wp\/v2\/pages\/2837\/revisions"}],"predecessor-version":[{"id":2838,"href":"https:\/\/www.aureo.co.jp\/wp-json\/wp\/v2\/pages\/2837\/revisions\/2838"}],"wp:attachment":[{"href":"https:\/\/www.aureo.co.jp\/wp-json\/wp\/v2\/media?parent=2837"}],"curies":[{"name":"wp","href":"https:\/\/api.w.org\/{rel}","templated":true}]}}