{"id":2843,"date":"2021-10-19T13:52:15","date_gmt":"2021-10-19T04:52:15","guid":{"rendered":"https:\/\/www.aureo.co.jp\/?page_id=2843"},"modified":"2021-10-19T13:52:15","modified_gmt":"2021-10-19T04:52:15","slug":"aureo-study","status":"publish","type":"page","link":"https:\/\/www.aureo.co.jp\/fr\/aureo-study\/","title":{"rendered":"L&rsquo;\u00e9tude"},"content":{"rendered":"<h2 class=\"ttl Sec\">Une R&#038;D de la plus\u3000haute importance<\/h2>\n<p>Alors que le Japon devient une soci\u00e9t\u00e9 ultra-vieillissante, nous devons nous efforcer de maintenir et d&rsquo;am\u00e9liorer notre sant\u00e9\u3000en renfor\u00e7ant notre \u00ab immunit\u00e9 \u00bb afin d&rsquo;obtenir une ind\u00e9pendance socio\u00e9conomique. Aureo consid\u00e8re que la recherche\u3000et le d\u00e9veloppement sont de la plus haute importance afin de proposer de \u00ab vrais \u00bb produits bas\u00e9s sur des preuves scientifiques.<\/p>\n<h3 class=\"ttl\">Recherches conjointes et commandit\u00e9es men\u00e9es\u3000avec des universit\u00e9s et des instituts de recherche<\/h3>\n<ul>\n\t<span class=\"bold\"><\/p>\n<li>Institut Kitasato<\/li>\n<p><\/span><br \/>\nCentre des sciences m\u00e9dicales de l&rsquo;environnement du Centre m\u00e9dical de l&rsquo;universit\u00e9 de Kitasato<br \/>\n\t<span class=\"bold\"><\/p>\n<li>Universit\u00e9 de Hokkaid\u00f4<\/li>\n<p><\/span><br \/>\nInstitut de m\u00e9decine g\u00e9n\u00e9tique<br \/>\nCentre de recherche pour le contr\u00f4le des zoonoses<br \/>\n\t<span class=\"bold\"><\/p>\n<li>Universit\u00e9 Tokyo Denki<\/li>\n<p><\/span><\/p>\n<p>\t<span class=\"bold\"><\/p>\n<li>Universit\u00e9 de Shizuoka<\/li>\n<p><\/span><\/p>\n<p>\t<span class=\"bold\"><\/p>\n<li>Junshin Gakuen Group<\/li>\n<p><\/span><br \/>\nUniversit\u00e9 Junshin Gakuen<br \/>\n\t<span class=\"bold\"><\/p>\n<li>Universit\u00e9 pour femmes d&rsquo;Ochanomizu<\/li>\n<p><\/span><\/p>\n<p>\t<span class=\"bold\"><\/p>\n<li>Universit\u00e9 pr\u00e9fectorale des sciences de la sant\u00e9 de Kagawa<\/li>\n<p><\/span><\/p>\n<p>\t<span class=\"bold\"><\/p>\n<li>Rakuno Gakuen<\/li>\n<p><\/span><\/p>\n<p>\t<span class=\"bold\"><\/p>\n<li>Association japonaise de recherche clinique sur les compl\u00e9ments alimentaires<\/li>\n<p><\/span><\/p>\n<p>\t<span class=\"bold\"><\/p>\n<li>Fuji Jinentec Farm<\/li>\n<p><\/span><\/p>\n<p>\t<span class=\"bold\"><\/p>\n<li>Institut de recherche des sciences animales en biochimie et toxicologie (RIAS)<\/li>\n<p><\/span><\/p>\n<p>\t<span class=\"bold\"><\/p>\n<li>Centre de s\u00e9curit\u00e9 des aliments et des m\u00e9dicaments (FDSC)<\/li>\n<p><\/span><\/p>\n<p>\t<span class=\"bold\"><\/p>\n<li>Laboratoire japonais de recherche sur les aliments (JFRL)<\/li>\n<p><\/span><\/p>\n<p>\t<span class=\"bold\"><\/p>\n<li>TORAY Research Center, Inc.<\/li>\n<p><\/span>\n<\/ul>\n<h3 class=\"ttl\">Actions prouv\u00e9es du \u03b2-glucane<\/h3>\n<h4 class=\"ttl\">S\u00e9curit\u00e9<\/h4>\n<ul>\n<li>\u00c9tude d\u2019une dose unitaire<\/li>\n<li>\u00c9tude d\u2019une dose r\u00e9p\u00e9t\u00e9e<\/li>\n<li>\u00c9tude clinique d&rsquo;absorption \u00e0 long terme<\/li>\n<\/ul>\n<h4 class=\"ttl\">Beaut\u00e9 de la peau<\/h4>\n<ul>\n<li>Production de c\u00e9ramides<\/li>\n<li>Production de collag\u00e8ne<\/li>\n<li>Production d&rsquo;acide hyaluronique<\/li>\n<\/ul>\n<h4 class=\"ttl\">Blessures<\/h4>\n<ul>\n<li>Acc\u00e9l\u00e9ration de la gu\u00e9rison des blessures<\/li>\n<li>Acc\u00e9l\u00e9ration de la gu\u00e9rison des br\u00fblures<\/li>\n<\/ul>\n<h4 class=\"ttl\">Allergies<\/h4>\n<ul>\n<li>Am\u00e9lioration des dermatites atopiques<\/li>\n<li>Am\u00e9lioration de l&rsquo;allergie au pollen<\/li>\n<\/ul>\n<h4 class=\"ttl\">Rhinites chroniques<\/h4>\n<ul>\n<li>Limitation de l&rsquo;accumulation de graisses<\/li>\n<li>Limitation de la glyc\u00e9mie<\/li>\n<li>Am\u00e9lioration et limitation du diab\u00e8te<\/li>\n<li>Pr\u00e9vention et am\u00e9lioration de l&rsquo;an\u00e9mie<\/li>\n<\/ul>\n<h4 class=\"ttl\">Milieu intestinal<\/h4>\n<ul>\n<li>Am\u00e9lioration de la constipation<\/li>\n<\/ul>\n<h4 class=\"ttl\">Infections<\/h4>\n<ul>\n<li>Protection contre l\u2019infection par Listeria monocytogenes<\/li>\n<li>Protection contre l\u2019infection par le virus de la grippe<\/li>\n<li>R\u00e9partition immunitaire<\/li>\n<li>Effet d&rsquo;adjuvant<\/li>\n<\/ul>\n<h4 class=\"ttl\">Tumeurs canc\u00e9reuses malignes<\/h4>\n<ul>\n<li>Att\u00e9nuation des effets secondaires des m\u00e9dicaments anticanc\u00e9reux<\/li>\n<li>Am\u00e9lioration de la pathologie de la leuc\u00e9mie<\/li>\n<li>Amplification d\u2019expression TRAIL<\/li>\n<li>Acc\u00e9l\u00e9ration de la gu\u00e9rison de l&rsquo;organisme<\/li>\n<li>Cas d&rsquo;am\u00e9lioration du cancer colorectal<\/li>\n<\/ul>\n<h4 class=\"ttl\">B\u00e9tail<\/h4>\n<ul>\n<li>Bovins : pr\u00e9vention et traitement de la mammite<\/li>\n<li>Bovins : am\u00e9lioration de la qualit\u00e9 du lait<\/li>\n<\/ul>\n<h4 class=\"ttl\">Animaux de compagnie<\/h4>\n<ul>\n<li>Am\u00e9lioration des inflammations (CRP)<\/li>\n<li>Am\u00e9lioration des dermatites<\/li>\n<li>Am\u00e9lioration des tumeurs<\/li>\n<\/ul>\n<!-- AddThis Advanced Settings generic via filter on the_content --><!-- AddThis Share Buttons generic via filter on the_content -->","protected":false},"excerpt":{"rendered":"<p>Une R&#038;D de la plus\u3000haute importance Alors que le Japon devient une soci\u00e9t\u00e9 ultra-vieillissante, nous devons nous efforcer de maintenir et d&rsquo;am\u00e9liorer notre sant\u00e9\u3000en renfor\u00e7ant notre \u00ab immunit\u00e9 \u00bb afin d&rsquo;obtenir une ind\u00e9pendance socio\u00e9conomique. Aureo consid\u00e8re que la recherche\u3000et le<!-- AddThis Advanced Settings generic via filter on get_the_excerpt --><!-- AddThis Share Buttons generic via filter on get_the_excerpt --><\/p>\n","protected":false},"author":4,"featured_media":0,"parent":0,"menu_order":0,"comment_status":"closed","ping_status":"closed","template":"","meta":{"_acf_changed":false,"_locale":"fr_FR","_original_post":"https:\/\/www.aureo.co.jp\/?page_id=109","footnotes":""},"class_list":["post-2843","page","type-page","status-publish","hentry","fr-FR"],"acf":[],"aioseo_notices":[],"_links":{"self":[{"href":"https:\/\/www.aureo.co.jp\/wp-json\/wp\/v2\/pages\/2843","targetHints":{"allow":["GET"]}}],"collection":[{"href":"https:\/\/www.aureo.co.jp\/wp-json\/wp\/v2\/pages"}],"about":[{"href":"https:\/\/www.aureo.co.jp\/wp-json\/wp\/v2\/types\/page"}],"author":[{"embeddable":true,"href":"https:\/\/www.aureo.co.jp\/wp-json\/wp\/v2\/users\/4"}],"replies":[{"embeddable":true,"href":"https:\/\/www.aureo.co.jp\/wp-json\/wp\/v2\/comments?post=2843"}],"version-history":[{"count":2,"href":"https:\/\/www.aureo.co.jp\/wp-json\/wp\/v2\/pages\/2843\/revisions"}],"predecessor-version":[{"id":2854,"href":"https:\/\/www.aureo.co.jp\/wp-json\/wp\/v2\/pages\/2843\/revisions\/2854"}],"wp:attachment":[{"href":"https:\/\/www.aureo.co.jp\/wp-json\/wp\/v2\/media?parent=2843"}],"curies":[{"name":"wp","href":"https:\/\/api.w.org\/{rel}","templated":true}]}}