{"id":2851,"date":"2021-10-19T13:51:12","date_gmt":"2021-10-19T04:51:12","guid":{"rendered":"https:\/\/www.aureo.co.jp\/?page_id=2851"},"modified":"2021-10-19T13:51:12","modified_gmt":"2021-10-19T04:51:12","slug":"patent-list","status":"publish","type":"page","link":"https:\/\/www.aureo.co.jp\/fr\/patent-list\/","title":{"rendered":"BREVETS"},"content":{"rendered":"<h2 class=\"ttl Sec\">Publication d&rsquo;articles scientifiques et d\u00e9p\u00f4t de brevets au Japon et \u00e0 l&rsquo;\u00e9tranger<\/h2>\n<p>Le \u03b2-glucane d&rsquo;Aureo est un \u03b2-glucane unique poss\u00e9dant des liaisons \u03b2-1,3\/1,6. Aureo poss\u00e8de d&rsquo;excellentes bact\u00e9ries Aureobasidium pullulans (levure noire) et a d\u00e9pos\u00e9 de nombreux brevets au Japon et \u00e0 l&rsquo;\u00e9tranger sur ces bact\u00e9ries ainsi que sur leurs m\u00e9thodes de production, leurs milieux de culture et leurs utilisations. De plus, de nombreux articles ont \u00e9t\u00e9 publi\u00e9s \u00e0 l\u2019\u00e9tranger dans des revues scientifiques \u00e0 comit\u00e9 de lecture, comme PLOS ONE ou Scientific Reports.<\/p>\n<h2 class=\"ttl Sec\">44 brevets d\u00e9pos\u00e9s au Japon et \u00e0 l&rsquo;\u00e9tranger  (juillet 2020)<\/h2>\n<h3 class=\"ttl\">Immunostimulant<\/h3>\n<p><img loading=\"lazy\" decoding=\"async\" src=\"https:\/\/www.aureo.co.jp\/wp-content\/uploads\/2020\/07\/Japantokkyo4369258-menekihukatsuzai-1-Copy.png\" alt=\"japan-4369258\" width=\"496\" height=\"702\" class=\"aligncenter size-full wp-image-534\" srcset=\"https:\/\/www.aureo.co.jp\/wp-content\/uploads\/2020\/07\/Japantokkyo4369258-menekihukatsuzai-1-Copy.png 496w, https:\/\/www.aureo.co.jp\/wp-content\/uploads\/2020\/07\/Japantokkyo4369258-menekihukatsuzai-1-Copy-212x300.png 212w\" sizes=\"auto, (max-width: 496px) 100vw, 496px\" \/><br \/>\nUn brevet reconna\u00eet sa capacit\u00e9 \u00e0 stimuler les fonctions immunitaires de l&rsquo;organisme ainsi qu\u2019\u00e0 renforcer sa facult\u00e9 \u00e0 se prot\u00e9ger.<br \/>\nBrevet no 4369258 (Japon)<\/p>\n<h3 class=\"ttl\">Amplificateur d\u2019expression TRAIL<\/h3>\n<p><img loading=\"lazy\" decoding=\"async\" src=\"https:\/\/www.aureo.co.jp\/wp-content\/uploads\/2020\/07\/JapanTokkyo5937029-1.png\" alt=\"japan-5937029\" width=\"496\" height=\"702\" class=\"aligncenter size-full wp-image-634\" srcset=\"https:\/\/www.aureo.co.jp\/wp-content\/uploads\/2020\/07\/JapanTokkyo5937029-1.png 496w, https:\/\/www.aureo.co.jp\/wp-content\/uploads\/2020\/07\/JapanTokkyo5937029-1-212x300.png 212w\" sizes=\"auto, (max-width: 496px) 100vw, 496px\" \/><br \/>\nUn brevet reconna\u00eet sa capacit\u00e9 \u00e0 amplifier la TRAIL (type de cytokine) qui provoque la mort des cellules canc\u00e9reuses.<br \/>\nBrevet no 5937029 (Japon)<\/p>\n<h3 class=\"ttl\">Agent favorisant la gu\u00e9rison d\u2019un organisme vivant<\/h3>\n<p><img loading=\"lazy\" decoding=\"async\" src=\"https:\/\/www.aureo.co.jp\/wp-content\/uploads\/2020\/07\/JapanTokkyo5331482.png\" alt=\"japan-5331482\" width=\"496\" height=\"702\" class=\"aligncenter size-full wp-image-584\" srcset=\"https:\/\/www.aureo.co.jp\/wp-content\/uploads\/2020\/07\/JapanTokkyo5331482.png 496w, https:\/\/www.aureo.co.jp\/wp-content\/uploads\/2020\/07\/JapanTokkyo5331482-212x300.png 212w\" sizes=\"auto, (max-width: 496px) 100vw, 496px\" \/><br \/>\nDes brevets reconnaissent ses capacit\u00e9s \u00e0 att\u00e9nuer les effets secondaires des m\u00e9dicaments anticanc\u00e9reux et \u00e0 acc\u00e9l\u00e9rer la gu\u00e9rison des br\u00fblures.<br \/>\nBrevet no 5331482 (Japon) \/ Brevet no 5715659 (Japon)<\/p>\n<h3 class=\"ttl\">Agent th\u00e9rapeutique pour des maladies infectieuses caus\u00e9es par le virus de la grippe<\/h3>\n<p><img loading=\"lazy\" decoding=\"async\" src=\"https:\/\/www.aureo.co.jp\/wp-content\/uploads\/2020\/07\/JapanTokkyo5560472-1.png\" alt=\"japan-5560472\" width=\"496\" height=\"702\" class=\"aligncenter size-full wp-image-607\" srcset=\"https:\/\/www.aureo.co.jp\/wp-content\/uploads\/2020\/07\/JapanTokkyo5560472-1.png 496w, https:\/\/www.aureo.co.jp\/wp-content\/uploads\/2020\/07\/JapanTokkyo5560472-1-212x300.png 212w\" sizes=\"auto, (max-width: 496px) 100vw, 496px\" \/><br \/>\nDes brevets reconnaissent ses capacit\u00e9s \u00e0 limiter l&rsquo;aggravation de l\u2019infection caus\u00e9e par le virus de la grippe et \u00e0 stimuler la gu\u00e9rison.<br \/>\nBrevet no 5560472 (Japon) \/ \u2026<\/p>\n<h2 class=\"ttl Sec\">Brevets dans le monde<\/h2>\n<p>Nous avons d\u00e9pos\u00e9 des brevets partout dans le monde, notamment au Japon, aux \u00c9tats-Unis, en Europe (Royaume-Uni, France, Allemagne), en Cor\u00e9e du Sud et en Chine, pour ses capacit\u00e9s de laxatif, de produit hydratant pour la peau, d\u2019agent favorisant la gu\u00e9rison d\u2019un organisme vivant (deux brevets, l&rsquo;un concernant l&rsquo;att\u00e9nuation des effets secondaires des m\u00e9dicaments anticanc\u00e9reux et l&rsquo;autre, l&rsquo;acc\u00e9l\u00e9ration de la gu\u00e9rison des br\u00fblures), d\u2019agent th\u00e9rapeutique pour les infections caus\u00e9es par le virus de la grippe, d\u2019adjuvant immunologique, de composant favorisant la production de cytokines par les macrophages, etc.<\/p>\n<!-- AddThis Advanced Settings generic via filter on the_content --><!-- AddThis Share Buttons generic via filter on the_content -->","protected":false},"excerpt":{"rendered":"<p>Publication d&rsquo;articles scientifiques et d\u00e9p\u00f4t de brevets au Japon et \u00e0 l&rsquo;\u00e9tranger Le \u03b2-glucane d&rsquo;Aureo est un \u03b2-glucane unique poss\u00e9dant des liaisons \u03b2-1,3\/1,6. Aureo poss\u00e8de d&rsquo;excellentes bact\u00e9ries Aureobasidium pullulans (levure noire) et a d\u00e9pos\u00e9 de nombreux brevets au Japon et<!-- AddThis Advanced Settings generic via filter on get_the_excerpt --><!-- AddThis Share Buttons generic via filter on get_the_excerpt --><\/p>\n","protected":false},"author":4,"featured_media":0,"parent":0,"menu_order":0,"comment_status":"closed","ping_status":"closed","template":"","meta":{"_acf_changed":false,"_locale":"fr_FR","_original_post":"https:\/\/www.aureo.co.jp\/?page_id=120","footnotes":""},"class_list":["post-2851","page","type-page","status-publish","hentry","fr-FR"],"acf":[],"aioseo_notices":[],"_links":{"self":[{"href":"https:\/\/www.aureo.co.jp\/wp-json\/wp\/v2\/pages\/2851","targetHints":{"allow":["GET"]}}],"collection":[{"href":"https:\/\/www.aureo.co.jp\/wp-json\/wp\/v2\/pages"}],"about":[{"href":"https:\/\/www.aureo.co.jp\/wp-json\/wp\/v2\/types\/page"}],"author":[{"embeddable":true,"href":"https:\/\/www.aureo.co.jp\/wp-json\/wp\/v2\/users\/4"}],"replies":[{"embeddable":true,"href":"https:\/\/www.aureo.co.jp\/wp-json\/wp\/v2\/comments?post=2851"}],"version-history":[{"count":1,"href":"https:\/\/www.aureo.co.jp\/wp-json\/wp\/v2\/pages\/2851\/revisions"}],"predecessor-version":[{"id":2852,"href":"https:\/\/www.aureo.co.jp\/wp-json\/wp\/v2\/pages\/2851\/revisions\/2852"}],"wp:attachment":[{"href":"https:\/\/www.aureo.co.jp\/wp-json\/wp\/v2\/media?parent=2851"}],"curies":[{"name":"wp","href":"https:\/\/api.w.org\/{rel}","templated":true}]}}