{"id":2861,"date":"2021-10-19T13:46:26","date_gmt":"2021-10-19T04:46:26","guid":{"rendered":"https:\/\/www.aureo.co.jp\/?page_id=2861"},"modified":"2021-10-20T08:44:13","modified_gmt":"2021-10-19T23:44:13","slug":"good-manufacturing-practice","status":"publish","type":"page","link":"https:\/\/www.aureo.co.jp\/fr\/good-manufacturing-practice\/","title":{"rendered":"Fabrication"},"content":{"rendered":"<section>\n<div class=\"small_page\">\n<h2 class=\"ttl Sec\">Une production int\u00e9gr\u00e9e au Japon de produits de qualit\u00e9, sains et s\u00fbrs<\/h2>\n<p>Le point fort d&rsquo;Aureo, c&rsquo;est de travailler de mani\u00e8re coh\u00e9rente de la planification et du d\u00e9veloppement<br \/>\njusqu&rsquo;\u00e0 la production, la vente et la distribution. Par ailleurs, nous effectuons l&rsquo;ensemble de la production<br \/>\nau Japon afin de d\u00e9livrer de mani\u00e8re stable et dans des d\u00e9lais rapides des produits de haute qualit\u00e9.<\/p>\n<h2 class=\"ttl Sec\">Une production dans des usines de pointe utilisant pleinement les biotechnologies<\/h2>\n<p>Nous produisons de mani\u00e8re constante du \u03b2-glucane d&rsquo;Aureobasidium pullulans (levure noire) de haute qualit\u00e9 dans des usines de pointe utilisant pleinement les biotechnologies. En outre, conform\u00e9ment \u00e0 diverses certifications, la production de notre pr\u00e9cieux \u03b2-glucane d&rsquo;Aureobasidium pullulans (levure noire) fait l\u2019objet d\u2019un contr\u00f4le qualit\u00e9 rigoureux et respecte un syst\u00e8me d\u2019assurance de la qualit\u00e9.<\/p>\n<h2 class=\"ttl Sec\">Nos diff\u00e9rentes certifications<\/h2>\n<h3 class=\"ttl\">Certification de conformit\u00e9 GMP pour les compl\u00e9ments alimentaires<\/h3>\n<p>La certification GMP (\u00ab Good Manufacturing Practice \u00bb ou \u00ab bonnes pratiques de fabrication \u00bb) d\u00e9finit des exigences en mati\u00e8re de conformit\u00e9 et de gestion lors de la production permettant de garantir, par exemple, que les produits pharmaceutiques et les \u00e9quipements m\u00e9dicaux sont de qualit\u00e9 et peuvent donc \u00eatre utilis\u00e9s sans risque. Aureo Co., Ltd. a obtenu une certification GMP attestant qu\u2019elle fabrique ses produits dans un environnement conforme aux normes des produits pharmaceutiques.<br \/>\n<img loading=\"lazy\" decoding=\"async\" src=\"https:\/\/www.aureo.co.jp\/wp-content\/uploads\/2020\/07\/GMP_20140812-20170811.png\" alt=\"\u5065\u5eb7\u88dc\u52a9\u98df\u54c1GMP\u8a8d\u8a3c\" width=\"299\" height=\"428\" class=\"aligncenter size-full wp-image-217\" srcset=\"https:\/\/www.aureo.co.jp\/wp-content\/uploads\/2020\/07\/GMP_20140812-20170811.png 299w, https:\/\/www.aureo.co.jp\/wp-content\/uploads\/2020\/07\/GMP_20140812-20170811-210x300.png 210w\" sizes=\"auto, (max-width: 299px) 100vw, 299px\" \/><\/p>\n<h3 class=\"ttl\">Marquage d&rsquo;usine conforme \u00e0 la Loi sur les biotechnologies (\u00c9tats-Unis)<\/h3>\n<p>Il concerne les usines ayant accompli des formalit\u00e9s d&rsquo;inscription conformes \u00e0 la Loi sur les biotechnologies de la FDA am\u00e9ricaine. Il s&rsquo;agit d&rsquo;un marquage certifiant de l\u2019origine claire des produits alimentaires lors de leur importation aux \u00c9tats-Unis.<br \/>\n<img loading=\"lazy\" decoding=\"async\" src=\"https:\/\/www.aureo.co.jp\/wp-content\/uploads\/2020\/07\/certificate-of-registration-2017.png\" alt=\"\u30d0\u30a4\u30aa\u30c6\u30ed\u6cd5\u306b\u57fa\u3065\u304f\u5de5\u5834\u767b\u9332\" width=\"298\" height=\"389\" class=\"aligncenter size-full wp-image-220\" srcset=\"https:\/\/www.aureo.co.jp\/wp-content\/uploads\/2020\/07\/certificate-of-registration-2017.png 298w, https:\/\/www.aureo.co.jp\/wp-content\/uploads\/2020\/07\/certificate-of-registration-2017-230x300.png 230w\" sizes=\"auto, (max-width: 298px) 100vw, 298px\" \/><\/p>\n<h3 class=\"ttl\">Certification halal de la Halal Association (Royaume-Uni)<\/h3>\n<p>Nous avons obtenu la certification halal de la Halal Association au Royaume-Uni. Elle certifie que l\u2019aliment est consid\u00e9r\u00e9 comme pur dans la religion musulmane.<br \/>\n<img loading=\"lazy\" decoding=\"async\" src=\"https:\/\/www.aureo.co.jp\/wp-content\/uploads\/2020\/07\/Halal-Authentication2018.2.15.png\" alt=\"\u30cf\u30e9\u30fc\u30eb\u5354\u4f1a\u30cf\u30e9\u30fc\u30eb\u8a8d\u8a3c\" width=\"300\" height=\"424\" class=\"aligncenter size-full wp-image-218\" srcset=\"https:\/\/www.aureo.co.jp\/wp-content\/uploads\/2020\/07\/Halal-Authentication2018.2.15.png 300w, https:\/\/www.aureo.co.jp\/wp-content\/uploads\/2020\/07\/Halal-Authentication2018.2.15-212x300.png 212w\" sizes=\"auto, (max-width: 300px) 100vw, 300px\" \/>\n<\/div>\n<\/section>\n<!-- AddThis Advanced Settings generic via filter on the_content --><!-- AddThis Share Buttons generic via filter on the_content -->","protected":false},"excerpt":{"rendered":"<p>Une production int\u00e9gr\u00e9e au Japon de produits de qualit\u00e9, sains et s\u00fbrs Le point fort d&rsquo;Aureo, c&rsquo;est de travailler de mani\u00e8re coh\u00e9rente de la planification et du d\u00e9veloppement jusqu&rsquo;\u00e0 la production, la vente et la distribution. Par ailleurs, nous effectuons<!-- AddThis Advanced Settings generic via filter on get_the_excerpt --><!-- AddThis Share Buttons generic via filter on get_the_excerpt --><\/p>\n","protected":false},"author":4,"featured_media":0,"parent":0,"menu_order":0,"comment_status":"closed","ping_status":"closed","template":"","meta":{"_acf_changed":false,"_locale":"fr_FR","_original_post":"https:\/\/www.aureo.co.jp\/?page_id=89","footnotes":""},"class_list":["post-2861","page","type-page","status-publish","hentry","fr-FR"],"acf":[],"aioseo_notices":[],"_links":{"self":[{"href":"https:\/\/www.aureo.co.jp\/wp-json\/wp\/v2\/pages\/2861","targetHints":{"allow":["GET"]}}],"collection":[{"href":"https:\/\/www.aureo.co.jp\/wp-json\/wp\/v2\/pages"}],"about":[{"href":"https:\/\/www.aureo.co.jp\/wp-json\/wp\/v2\/types\/page"}],"author":[{"embeddable":true,"href":"https:\/\/www.aureo.co.jp\/wp-json\/wp\/v2\/users\/4"}],"replies":[{"embeddable":true,"href":"https:\/\/www.aureo.co.jp\/wp-json\/wp\/v2\/comments?post=2861"}],"version-history":[{"count":2,"href":"https:\/\/www.aureo.co.jp\/wp-json\/wp\/v2\/pages\/2861\/revisions"}],"predecessor-version":[{"id":2935,"href":"https:\/\/www.aureo.co.jp\/wp-json\/wp\/v2\/pages\/2861\/revisions\/2935"}],"wp:attachment":[{"href":"https:\/\/www.aureo.co.jp\/wp-json\/wp\/v2\/media?parent=2861"}],"curies":[{"name":"wp","href":"https:\/\/api.w.org\/{rel}","templated":true}]}}