{"id":2947,"date":"2021-10-20T10:14:48","date_gmt":"2021-10-20T01:14:48","guid":{"rendered":"https:\/\/www.aureo.co.jp\/?page_id=2947"},"modified":"2021-10-20T10:14:48","modified_gmt":"2021-10-20T01:14:48","slug":"home","status":"publish","type":"page","link":"https:\/\/www.aureo.co.jp\/","title":{"rendered":"DOMICILE"},"content":{"rendered":"<div class=\"small_page top_wrap\">\n<div class=\"Flex_wrap\">\n<div class=\"Hurf\">\n<h2 class=\"ttl beta\">En savoir plus sur le \u03b2-glucane<span class=\"en\">whats beta glucan<\/span><\/h2>\n<div class=\"Banner\" style=\"background:url(https:\/\/www.aureo.co.jp\/wp-content\/uploads\/2020\/07\/banner-1.jpg)no-repeat center center #f2f2f9;\n background-size:cover;\"><br \/>\n<a href=\"https:\/\/www.aureo.co.jp\/whats-beta-glucan\/\"><\/a><\/p>\n<p class=\"Text\">Qu&rsquo;est-ce que le \u03b2-glucane qui favorise la sant\u00e9 ?<\/p>\n<\/p><\/div>\n<\/div>\n<div class=\"Hurf\">\n<h2 class=\"ttl patent\">Brevet<span class=\"en\">Patent<\/span><\/h2>\n<div class=\"Banner\" style=\"background:url(https:\/\/www.aureo.co.jp\/wp-content\/uploads\/2020\/07\/banner-6.jpg)no-repeat center top #f2f2f9;\n background-size:cover;\"><a href=\"https:\/\/www.aureo.co.jp\/patent-list\/\"><\/a><\/p>\n<p class=\"Text\">Recherche et brevet sur les -glucanes Aureobasidium (levure noire)<\/p>\n<\/p><\/div>\n<\/div>\n<\/div><\/div>\n<div class=\"small_page top_wrap\">\n<div class=\"Flex_wrap\">\n<div class=\"Hurf\">\n<h2 class=\"ttl practice\">Fabrication \/ contr\u00f4le qualit\u00e9<span class=\"en\">good manufacturing practice<\/span><\/h2>\n<div class=\"Banner\" style=\"background:url(https:\/\/www.aureo.co.jp\/wp-content\/uploads\/2020\/07\/corp_photo.jpg)no-repeat center center #f2f2f9;\n background-size:cover;\"><a href=\"https:\/\/www.aureo.co.jp\/good-manufacturing-practice\/\"><\/a><\/p>\n<p class=\"Text\">\u00c0 propos de la fabrication et du contr\u00f4le qualit\u00e9<\/p>\n<\/p><\/div>\n<\/div>\n<div class=\"Hurf\">\n<h2 class=\"ttl study\">\u00c0 propos de la recherche<span class=\"en\">study<\/span><\/h2>\n<div class=\"Banner\" style=\"background:url(https:\/\/www.aureo.co.jp\/wp-content\/uploads\/2020\/07\/banner-5.jpg)no-repeat center center #f2f2f9;\n background-size:cover;\"><a href=\"https:\/\/www.aureo.co.jp\/aureo-study\/\"><\/a><\/p>\n<p class=\"Text\">Aur\u00e9o R&#038;D<\/p>\n<\/p><\/div>\n<\/div><\/div>\n<\/div>\n<div class=\"small_page top_wrap\">\n<div class=\"Flex_wrap\">\n<div class=\"Hurf\">\n<h2 class=\"ttl interview\">entretien<span class=\"en\">Employee interview<\/span><\/h2>\n<div class=\"Banner\" style=\"background:url(https:\/\/www.aureo.co.jp\/wp-content\/uploads\/2020\/09\/3703200_m.jpg)no-repeat center center #f2f2f9;\n background-size:cover;\"><a href=\"https:\/\/www.aureo.co.jp\/interview\/employee-interview\/\"><\/a><\/p>\n<p class=\"Text\">Entretien avec les salari\u00e9s d&rsquo;Aureo<\/p>\n<\/p><\/div>\n<\/div>\n<div class=\"Hurf\">\n<h2 class=\"ttl parents\">Profil de la soci\u00e9t\u00e9<span class=\"en\">About Us<\/span><\/h2>\n<div class=\"Banner\" style=\"background:url(https:\/\/www.aureo.co.jp\/wp-content\/uploads\/2020\/12\/aureo_2.jpg)no-repeat center top #f2f2f9;\n background-size:cover;\"><a href=\"https:\/\/www.aureo.co.jp\/about-aureo\/\"><\/a><\/p>\n<p class=\"Text\">\u00c0 propos du profil de l&rsquo;entreprise<\/p>\n<\/p><\/div>\n<\/div>\n<\/div>\n<\/div>\n<!-- AddThis Advanced Settings generic via filter on the_content --><!-- AddThis Share Buttons generic via filter on the_content -->","protected":false},"excerpt":{"rendered":"<p>En savoir plus sur le \u03b2-glucanewhats beta glucan Qu&rsquo;est-ce que le \u03b2-glucane qui favorise la sant\u00e9 ? BrevetPatent Recherche et brevet sur les -glucanes Aureobasidium (levure noire) Fabrication \/ contr\u00f4le qualit\u00e9good manufacturing practice \u00c0 propos de la fabrication et du<!-- AddThis Advanced Settings generic via filter on get_the_excerpt --><!-- AddThis Share Buttons generic via filter on get_the_excerpt --><\/p>\n","protected":false},"author":4,"featured_media":0,"parent":0,"menu_order":0,"comment_status":"closed","ping_status":"closed","template":"","meta":{"_acf_changed":false,"_locale":"fr_FR","_original_post":"https:\/\/www.aureo.co.jp\/?page_id=7","footnotes":""},"class_list":["post-2947","page","type-page","status-publish","hentry","fr-FR"],"acf":[],"aioseo_notices":[],"_links":{"self":[{"href":"https:\/\/www.aureo.co.jp\/wp-json\/wp\/v2\/pages\/2947","targetHints":{"allow":["GET"]}}],"collection":[{"href":"https:\/\/www.aureo.co.jp\/wp-json\/wp\/v2\/pages"}],"about":[{"href":"https:\/\/www.aureo.co.jp\/wp-json\/wp\/v2\/types\/page"}],"author":[{"embeddable":true,"href":"https:\/\/www.aureo.co.jp\/wp-json\/wp\/v2\/users\/4"}],"replies":[{"embeddable":true,"href":"https:\/\/www.aureo.co.jp\/wp-json\/wp\/v2\/comments?post=2947"}],"version-history":[{"count":3,"href":"https:\/\/www.aureo.co.jp\/wp-json\/wp\/v2\/pages\/2947\/revisions"}],"predecessor-version":[{"id":2950,"href":"https:\/\/www.aureo.co.jp\/wp-json\/wp\/v2\/pages\/2947\/revisions\/2950"}],"wp:attachment":[{"href":"https:\/\/www.aureo.co.jp\/wp-json\/wp\/v2\/media?parent=2947"}],"curies":[{"name":"wp","href":"https:\/\/api.w.org\/{rel}","templated":true}]}}